{"id":463,"date":"2025-11-03T22:13:21","date_gmt":"2025-11-03T22:13:21","guid":{"rendered":"https:\/\/numero30.com\/?post_type=product&#038;p=463"},"modified":"2025-11-21T21:54:20","modified_gmt":"2025-11-21T21:54:20","slug":"le-pont-du-gard","status":"publish","type":"product","link":"https:\/\/numero30.com\/index.php\/produit\/le-pont-du-gard\/","title":{"rendered":"Le Pont du Gard"},"content":{"rendered":"<p>Monument embl\u00e9matique du Gard de l&rsquo;\u00e9poque romaine, c&rsquo;est le pont-aqueduc romain le plus haut du monde : le Pont du Gard !<br \/>\nPoster imprim\u00e9 sur papier de qualit\u00e9, 50x70cm. Exp\u00e9di\u00e9 dans un tube rigide via Mondial Relay ou \u00e0 domicile.<\/p>\n","protected":false},"excerpt":{"rendered":"<p>Poster du Pont du Gard, 50x70cm<\/p>\n","protected":false},"featured_media":457,"template":"","meta":[],"product_brand":[],"product_cat":[15],"product_tag":[21],"class_list":{"0":"post-463","1":"product","2":"type-product","3":"status-publish","4":"has-post-thumbnail","6":"product_cat-uncategorized","7":"product_tag-poster","8":"product_shipping_class-poster","10":"first","11":"instock","12":"shipping-taxable","13":"purchasable","14":"product-type-simple"},"jetpack_sharing_enabled":true,"_links":{"self":[{"href":"https:\/\/numero30.com\/index.php\/wp-json\/wp\/v2\/product\/463","targetHints":{"allow":["GET"]}}],"collection":[{"href":"https:\/\/numero30.com\/index.php\/wp-json\/wp\/v2\/product"}],"about":[{"href":"https:\/\/numero30.com\/index.php\/wp-json\/wp\/v2\/types\/product"}],"version-history":[{"count":1,"href":"https:\/\/numero30.com\/index.php\/wp-json\/wp\/v2\/product\/463\/revisions"}],"predecessor-version":[{"id":673,"href":"https:\/\/numero30.com\/index.php\/wp-json\/wp\/v2\/product\/463\/revisions\/673"}],"wp:featuredmedia":[{"embeddable":true,"href":"https:\/\/numero30.com\/index.php\/wp-json\/wp\/v2\/media\/457"}],"wp:attachment":[{"href":"https:\/\/numero30.com\/index.php\/wp-json\/wp\/v2\/media?parent=463"}],"wp:term":[{"taxonomy":"product_brand","embeddable":true,"href":"https:\/\/numero30.com\/index.php\/wp-json\/wp\/v2\/product_brand?post=463"},{"taxonomy":"product_cat","embeddable":true,"href":"https:\/\/numero30.com\/index.php\/wp-json\/wp\/v2\/product_cat?post=463"},{"taxonomy":"product_tag","embeddable":true,"href":"https:\/\/numero30.com\/index.php\/wp-json\/wp\/v2\/product_tag?post=463"}],"curies":[{"name":"wp","href":"https:\/\/api.w.org\/{rel}","templated":true}]}}