{"id":462,"date":"2025-11-03T22:11:03","date_gmt":"2025-11-03T22:11:03","guid":{"rendered":"https:\/\/numero30.com\/?post_type=product&#038;p=462"},"modified":"2025-11-20T23:19:34","modified_gmt":"2025-11-20T23:19:34","slug":"la-tour-magne","status":"publish","type":"product","link":"https:\/\/numero30.com\/index.php\/produit\/la-tour-magne\/","title":{"rendered":"La Tour Magne"},"content":{"rendered":"<p>La plus belle tour de la ville, celle qui se m\u00e9rite quand on pars du bas des jardins : la Tour Magne !<br \/>\nPoster imprim\u00e9 sur papier de qualit\u00e9, 50x70cm. Exp\u00e9di\u00e9 dans un tube rigide via Mondial Relay ou \u00e0 domicile.<\/p>\n","protected":false},"excerpt":{"rendered":"<p>Poster de la Tour Magne, 50x70cm<\/p>\n","protected":false},"featured_media":458,"template":"","meta":[],"product_brand":[],"product_cat":[15],"product_tag":[21],"class_list":{"0":"post-462","1":"product","2":"type-product","3":"status-publish","4":"has-post-thumbnail","6":"product_cat-uncategorized","7":"product_tag-poster","8":"product_shipping_class-poster","10":"first","11":"instock","12":"shipping-taxable","13":"purchasable","14":"product-type-simple"},"jetpack_sharing_enabled":true,"_links":{"self":[{"href":"https:\/\/numero30.com\/index.php\/wp-json\/wp\/v2\/product\/462","targetHints":{"allow":["GET"]}}],"collection":[{"href":"https:\/\/numero30.com\/index.php\/wp-json\/wp\/v2\/product"}],"about":[{"href":"https:\/\/numero30.com\/index.php\/wp-json\/wp\/v2\/types\/product"}],"version-history":[{"count":2,"href":"https:\/\/numero30.com\/index.php\/wp-json\/wp\/v2\/product\/462\/revisions"}],"predecessor-version":[{"id":674,"href":"https:\/\/numero30.com\/index.php\/wp-json\/wp\/v2\/product\/462\/revisions\/674"}],"wp:featuredmedia":[{"embeddable":true,"href":"https:\/\/numero30.com\/index.php\/wp-json\/wp\/v2\/media\/458"}],"wp:attachment":[{"href":"https:\/\/numero30.com\/index.php\/wp-json\/wp\/v2\/media?parent=462"}],"wp:term":[{"taxonomy":"product_brand","embeddable":true,"href":"https:\/\/numero30.com\/index.php\/wp-json\/wp\/v2\/product_brand?post=462"},{"taxonomy":"product_cat","embeddable":true,"href":"https:\/\/numero30.com\/index.php\/wp-json\/wp\/v2\/product_cat?post=462"},{"taxonomy":"product_tag","embeddable":true,"href":"https:\/\/numero30.com\/index.php\/wp-json\/wp\/v2\/product_tag?post=462"}],"curies":[{"name":"wp","href":"https:\/\/api.w.org\/{rel}","templated":true}]}}