{"id":461,"date":"2025-11-03T22:07:15","date_gmt":"2025-11-03T22:07:15","guid":{"rendered":"https:\/\/numero30.com\/?post_type=product&#038;p=461"},"modified":"2025-11-21T21:54:49","modified_gmt":"2025-11-21T21:54:49","slug":"les-arenes","status":"publish","type":"product","link":"https:\/\/numero30.com\/index.php\/produit\/les-arenes\/","title":{"rendered":"Les Ar\u00e8nes"},"content":{"rendered":"<p>Monument romain embl\u00e9matique de N\u00eemes, l\u00e0 o\u00f9 bat le coeur de la ville et le son des concerts\u00a0 lors du festival d&rsquo;\u00e9t\u00e9 !<br \/>\nPoster imprim\u00e9 sur papier de qualit\u00e9, 50x70cm. Exp\u00e9di\u00e9 dans un tube rigide via Mondial Relay ou \u00e0 domicile.<\/p>\n","protected":false},"excerpt":{"rendered":"<p>Le poster des Ar\u00e8nes de N\u00eemes, 50x70cm<\/p>\n","protected":false},"featured_media":460,"template":"","meta":[],"product_brand":[],"product_cat":[15],"product_tag":[21],"class_list":{"0":"post-461","1":"product","2":"type-product","3":"status-publish","4":"has-post-thumbnail","6":"product_cat-uncategorized","7":"product_tag-poster","8":"product_shipping_class-poster","10":"first","11":"instock","12":"shipping-taxable","13":"purchasable","14":"product-type-simple"},"jetpack_sharing_enabled":true,"_links":{"self":[{"href":"https:\/\/numero30.com\/index.php\/wp-json\/wp\/v2\/product\/461","targetHints":{"allow":["GET"]}}],"collection":[{"href":"https:\/\/numero30.com\/index.php\/wp-json\/wp\/v2\/product"}],"about":[{"href":"https:\/\/numero30.com\/index.php\/wp-json\/wp\/v2\/types\/product"}],"version-history":[{"count":1,"href":"https:\/\/numero30.com\/index.php\/wp-json\/wp\/v2\/product\/461\/revisions"}],"predecessor-version":[{"id":675,"href":"https:\/\/numero30.com\/index.php\/wp-json\/wp\/v2\/product\/461\/revisions\/675"}],"wp:featuredmedia":[{"embeddable":true,"href":"https:\/\/numero30.com\/index.php\/wp-json\/wp\/v2\/media\/460"}],"wp:attachment":[{"href":"https:\/\/numero30.com\/index.php\/wp-json\/wp\/v2\/media?parent=461"}],"wp:term":[{"taxonomy":"product_brand","embeddable":true,"href":"https:\/\/numero30.com\/index.php\/wp-json\/wp\/v2\/product_brand?post=461"},{"taxonomy":"product_cat","embeddable":true,"href":"https:\/\/numero30.com\/index.php\/wp-json\/wp\/v2\/product_cat?post=461"},{"taxonomy":"product_tag","embeddable":true,"href":"https:\/\/numero30.com\/index.php\/wp-json\/wp\/v2\/product_tag?post=461"}],"curies":[{"name":"wp","href":"https:\/\/api.w.org\/{rel}","templated":true}]}}