{"id":455,"date":"2025-11-03T22:02:03","date_gmt":"2025-11-03T22:02:03","guid":{"rendered":"https:\/\/numero30.com\/?post_type=product&#038;p=455"},"modified":"2025-11-20T23:20:17","modified_gmt":"2025-11-20T23:20:17","slug":"maison-carree","status":"publish","type":"product","link":"https:\/\/numero30.com\/index.php\/produit\/maison-carree\/","title":{"rendered":"Maison Carr\u00e9e"},"content":{"rendered":"<p>2000 ans d&rsquo;histoire en plein coeur d&rsquo;une ville moderne, le monument le plus appr\u00e9ci\u00e9 des N\u00eemois, au centre de la ville. On peut boire un caf\u00e9 et la contempler.<br \/>\nPoster imprim\u00e9 sur papier de qualit\u00e9, 50x70cm. Exp\u00e9di\u00e9 dans un tube rigide via Mondial Relay ou \u00e0 domicile.<\/p>\n","protected":false},"excerpt":{"rendered":"<p>Poster de la Maison Carr\u00e9e, 50x70cm.<\/p>\n","protected":false},"featured_media":459,"template":"","meta":[],"product_brand":[],"product_cat":[15],"product_tag":[21],"class_list":{"0":"post-455","1":"product","2":"type-product","3":"status-publish","4":"has-post-thumbnail","6":"product_cat-uncategorized","7":"product_tag-poster","8":"product_shipping_class-poster","10":"first","11":"instock","12":"shipping-taxable","13":"purchasable","14":"product-type-simple"},"jetpack_sharing_enabled":true,"_links":{"self":[{"href":"https:\/\/numero30.com\/index.php\/wp-json\/wp\/v2\/product\/455","targetHints":{"allow":["GET"]}}],"collection":[{"href":"https:\/\/numero30.com\/index.php\/wp-json\/wp\/v2\/product"}],"about":[{"href":"https:\/\/numero30.com\/index.php\/wp-json\/wp\/v2\/types\/product"}],"version-history":[{"count":1,"href":"https:\/\/numero30.com\/index.php\/wp-json\/wp\/v2\/product\/455\/revisions"}],"predecessor-version":[{"id":676,"href":"https:\/\/numero30.com\/index.php\/wp-json\/wp\/v2\/product\/455\/revisions\/676"}],"wp:featuredmedia":[{"embeddable":true,"href":"https:\/\/numero30.com\/index.php\/wp-json\/wp\/v2\/media\/459"}],"wp:attachment":[{"href":"https:\/\/numero30.com\/index.php\/wp-json\/wp\/v2\/media?parent=455"}],"wp:term":[{"taxonomy":"product_brand","embeddable":true,"href":"https:\/\/numero30.com\/index.php\/wp-json\/wp\/v2\/product_brand?post=455"},{"taxonomy":"product_cat","embeddable":true,"href":"https:\/\/numero30.com\/index.php\/wp-json\/wp\/v2\/product_cat?post=455"},{"taxonomy":"product_tag","embeddable":true,"href":"https:\/\/numero30.com\/index.php\/wp-json\/wp\/v2\/product_tag?post=455"}],"curies":[{"name":"wp","href":"https:\/\/api.w.org\/{rel}","templated":true}]}}