{"id":685,"date":"2025-11-07T13:21:56","date_gmt":"2025-11-07T13:21:56","guid":{"rendered":"https:\/\/numero30.com\/?page_id=685"},"modified":"2025-11-21T22:14:35","modified_gmt":"2025-11-21T22:14:35","slug":"faq","status":"publish","type":"page","link":"https:\/\/numero30.com\/index.php\/faq\/","title":{"rendered":"FAQ"},"content":{"rendered":"\t\t<div data-elementor-type=\"wp-page\" data-elementor-id=\"685\" class=\"elementor elementor-685\">\n\t\t\t\t<div class=\"elementor-element elementor-element-95dd2eb e-flex e-con-boxed e-con e-parent\" data-id=\"95dd2eb\" data-element_type=\"container\">\n\t\t\t\t\t<div class=\"e-con-inner\">\n\t\t\t\t<div class=\"elementor-element elementor-element-fe11859 elementor-widget elementor-widget-heading\" data-id=\"fe11859\" data-element_type=\"widget\" data-widget_type=\"heading.default\">\n\t\t\t\t\t<h1 class=\"elementor-heading-title elementor-size-default\">Foire aux questions<\/h1>\t\t\t\t<\/div>\n\t\t\t\t\t<\/div>\n\t\t\t\t<\/div>\n\t\t<div class=\"elementor-element elementor-element-d83510d e-flex e-con-boxed e-con e-parent\" data-id=\"d83510d\" data-element_type=\"container\">\n\t\t\t\t\t<div class=\"e-con-inner\">\n\t\t\t\t<div class=\"elementor-element elementor-element-68ec1b6 elementor-widget elementor-widget-text-editor\" data-id=\"68ec1b6\" data-element_type=\"widget\" data-widget_type=\"text-editor.default\">\n\t\t\t\t\t\t\t\t\t<h6>C&rsquo;est quoi Num\u00e9ro 30?<\/h6><p>Num\u00e9ro 30 est le nom du studio graphique N\u00eemois et boutique en ligne de visuels cr\u00e9\u00e9 par Matthieu Rebuffat.\u00a0<\/p><h6>Pourquoi les livraisons se font uniquement par mondial relay?<\/h6><p>Les tubes rigides en carton ne sont pas prise en charge par la poste, nous utilisons donc Mondial Relay pour l&rsquo;exp\u00e9dition.<\/p><h6>Est-il possible d&rsquo;\u00eatre rembours\u00e9 si l&rsquo;article ne me convient pas?<\/h6><p>Oui, si l&rsquo;article ne vous convient pas, vous avez 7 jours \u00e0 partir de la date de r\u00e9ception pour nous le retourner dans son emballage d&rsquo;origine. Vous serez alors rembours\u00e9 d\u00e8s le retour de votre colis, si tout est en ordre.<\/p><h6>Mon colis a \u00e9t\u00e9 ab\u00eem\u00e9 pendant le transport. Que-dois-je faire ?<\/h6><p>Si votre colis a \u00e9t\u00e9 rudement ab\u00eem\u00e9 pendant le transport (tube tordu, applati ou autre), contactez-nous.\u00a0<\/p><h6>Comment vous contacter pour toute demande \/ r\u00e9clamation ?<\/h6><p>Vous pouvez nous contacter par mail \u00e0 contact.num\u00e9ro30[at]gmail.com (remplacez le \u00ab\u00a0[at]\u00a0\u00bb par \u00ab\u00a0@\u00a0\u00bb ) .<\/p><h6>Pourquoi y-a-t-il un logo \u00ab\u00a0Lifebook Studio\u00a0\u00bb en bas des affiches ?<\/h6><p>Les posters de N\u00eemes ont \u00e9t\u00e9 imprim\u00e9s lorsque le studio s&rsquo;appelait encore \u00ab\u00a0Lifebook Studio\u00a0\u00bb. Les prochains tirages auront le logo Num\u00e9ro 30.<\/p>\t\t\t\t\t\t\t\t<\/div>\n\t\t\t\t\t<\/div>\n\t\t\t\t<\/div>\n\t\t\t\t<\/div>\n\t\t","protected":false},"excerpt":{"rendered":"<p>Foire aux questions C&rsquo;est quoi Num\u00e9ro 30? Num\u00e9ro 30 est le nom du studio graphique N\u00eemois et boutique en ligne de visuels cr\u00e9\u00e9 par Matthieu Rebuffat.\u00a0 Pourquoi les livraisons se font uniquement par mondial relay? Les tubes rigides en carton ne sont pas prise en charge par la poste, nous utilisons donc Mondial Relay pour [&hellip;]<\/p>\n","protected":false},"author":1,"featured_media":0,"parent":0,"menu_order":0,"comment_status":"closed","ping_status":"closed","template":"","meta":{"footnotes":""},"class_list":["post-685","page","type-page","status-publish","hentry"],"blocksy_meta":[],"jetpack_sharing_enabled":true,"_links":{"self":[{"href":"https:\/\/numero30.com\/index.php\/wp-json\/wp\/v2\/pages\/685","targetHints":{"allow":["GET"]}}],"collection":[{"href":"https:\/\/numero30.com\/index.php\/wp-json\/wp\/v2\/pages"}],"about":[{"href":"https:\/\/numero30.com\/index.php\/wp-json\/wp\/v2\/types\/page"}],"author":[{"embeddable":true,"href":"https:\/\/numero30.com\/index.php\/wp-json\/wp\/v2\/users\/1"}],"replies":[{"embeddable":true,"href":"https:\/\/numero30.com\/index.php\/wp-json\/wp\/v2\/comments?post=685"}],"version-history":[{"count":10,"href":"https:\/\/numero30.com\/index.php\/wp-json\/wp\/v2\/pages\/685\/revisions"}],"predecessor-version":[{"id":851,"href":"https:\/\/numero30.com\/index.php\/wp-json\/wp\/v2\/pages\/685\/revisions\/851"}],"wp:attachment":[{"href":"https:\/\/numero30.com\/index.php\/wp-json\/wp\/v2\/media?parent=685"}],"curies":[{"name":"wp","href":"https:\/\/api.w.org\/{rel}","templated":true}]}}