{"id":3,"date":"2025-11-03T20:07:17","date_gmt":"2025-11-03T20:07:17","guid":{"rendered":"http:\/\/numero30.com\/?page_id=3"},"modified":"2025-11-07T21:31:22","modified_gmt":"2025-11-07T21:31:22","slug":"rgpd","status":"publish","type":"page","link":"https:\/\/numero30.com\/index.php\/rgpd\/","title":{"rendered":"Rgpd"},"content":{"rendered":"\t\t<div data-elementor-type=\"wp-page\" data-elementor-id=\"3\" class=\"elementor elementor-3\">\n\t\t\t\t<div class=\"elementor-element elementor-element-3b1a48e e-flex e-con-boxed e-con e-parent\" data-id=\"3b1a48e\" data-element_type=\"container\">\n\t\t\t\t\t<div class=\"e-con-inner\">\n\t\t\t\t\t<\/div>\n\t\t\t\t<\/div>\n\t\t<div class=\"elementor-element elementor-element-36de37c e-flex e-con-boxed e-con e-parent\" data-id=\"36de37c\" data-element_type=\"container\">\n\t\t\t\t\t<div class=\"e-con-inner\">\n\t\t\t\t<div class=\"elementor-element elementor-element-0a58589 elementor-widget elementor-widget-text-editor\" data-id=\"0a58589\" data-element_type=\"widget\" data-widget_type=\"text-editor.default\">\n\t\t\t\t\t\t\t\t\t<h6>Politique de Confidentialit\u00e9<br>Derni\u00e8re mise \u00e0 jour : 07-nov.-2025<br>Date d\u2019effet : 07-nov.-2025<\/h6>\n<p>Cette Politique de Confidentialit\u00e9 d\u00e9crit les pratiques de <strong>Num\u00e9ro 30 Studio<\/strong>, situ\u00e9 \u00e0 N\u00eemes, 30000 Gard, France (e-mail : contact.numero30[@]gmail.com) concernant la collecte, l\u2019utilisation et la divulgation de vos informations lorsque vous utilisez notre site web (https:\/\/numero30.com) (le \u00ab Service \u00bb). En acc\u00e9dant ou en utilisant le Service, vous consentez \u00e0 la collecte, \u00e0 l\u2019utilisation et \u00e0 la divulgation de vos informations conform\u00e9ment \u00e0 cette Politique de Confidentialit\u00e9. Si vous n\u2019y consentez pas, veuillez ne pas acc\u00e9der ou utiliser le Service.<\/p>\n<p>Nous pouvons modifier cette Politique de Confidentialit\u00e9 \u00e0 tout moment sans pr\u00e9avis et publierons la version r\u00e9vis\u00e9e sur le Service. La Politique r\u00e9vis\u00e9e entrera en vigueur 180 jours apr\u00e8s sa publication sur le Service, et votre acc\u00e8s ou utilisation continu du Service apr\u00e8s cette p\u00e9riode constituera votre acceptation de la Politique de Confidentialit\u00e9 r\u00e9vis\u00e9e. Nous vous recommandons donc de consulter r\u00e9guli\u00e8rement cette page.<\/p>\n<p>&#8212;<\/p>\n<p><b>Informations collect\u00e9es<\/b><\/p>\n<p>Nous collectons et traitons les informations personnelles suivantes vous concernant :<br>&#8211; Nom<br>&#8211; E-mail<br>&#8211; T\u00e9l\u00e9phone portable<br>&#8211; Adresse<br>&#8211; Informations de paiement<\/p>\n<p>&#8212;<\/p>\n<p><b>Utilisation de vos informations:<\/b><br>Nous utilisons les informations collect\u00e9es \u00e0 votre sujet aux fins suivantes :<br>&#8211; Traitement des paiements<br>&#8211; Support client<br>&#8211; Gestion des commandes clients<\/p>\n<p>Si nous souhaitons utiliser vos informations \u00e0 une autre fin, nous vous demanderons votre consentement et n\u2019utiliserons vos informations qu\u2019apr\u00e8s avoir obtenu votre accord, et uniquement pour la ou les finalit\u00e9s pour lesquelles vous avez consenti, sauf obligation l\u00e9gale contraire.<\/p>\n<p>&#8212;<\/p>\n<p><b>Conservation de vos informations:<\/b><br>Nous conserverons vos informations personnelles pendant 30 jours apr\u00e8s le paiement ou aussi longtemps que n\u00e9cessaire pour remplir les finalit\u00e9s pour lesquelles elles ont \u00e9t\u00e9 collect\u00e9es, comme d\u00e9taill\u00e9 dans cette Politique de Confidentialit\u00e9. Certaines informations peuvent \u00eatre conserv\u00e9es plus longtemps pour des raisons l\u00e9gales (archivage, rapports) ou l\u00e9gitimes (d\u00e9fense des droits l\u00e9gaux, pr\u00e9vention de la fraude, etc.). Les informations anonymes r\u00e9siduelles et les donn\u00e9es agr\u00e9g\u00e9es, qui ne permettent pas de vous identifier (directement ou indirectement), peuvent \u00eatre conserv\u00e9es ind\u00e9finiment.<\/p>\n<p>&#8212;<\/p>\n<p><b>Vos droits:<\/b><br>Selon la l\u00e9gislation applicable, vous pouvez avoir le droit d\u2019acc\u00e9der \u00e0 vos donn\u00e9es personnelles, de les rectifier ou de les effacer, de recevoir une copie de vos donn\u00e9es, de limiter ou de vous opposer \u00e0 leur traitement, de demander le transfert de vos informations \u00e0 une autre entit\u00e9, de retirer votre consentement, de d\u00e9poser une plainte aupr\u00e8s d\u2019une autorit\u00e9 comp\u00e9tente, ainsi que d\u2019autres droits pr\u00e9vus par la loi. Pour exercer ces droits, vous pouvez nous \u00e9crire \u00e0 l\u2019adresse contact.numero30@gmail.com. Nous r\u00e9pondrons \u00e0 votre demande conform\u00e9ment \u00e0 la l\u00e9gislation applicable.<\/p>\n<p>Veuillez noter que si vous ne nous autorisez pas \u00e0 collecter ou traiter les informations personnelles requises, ou si vous retirez votre consentement pour les finalit\u00e9s n\u00e9cessaires, vous pourriez ne plus pouvoir acc\u00e9der ou utiliser les services pour lesquels vos informations \u00e9taient demand\u00e9es.<\/p>\n<p>&#8212;<\/p>\n<p><b>Cookies, etc.<\/b><br>Pour en savoir plus sur l\u2019utilisation de ces technologies et vos choix en mati\u00e8re de suivi, veuillez consulter notre <a href=\"https:\/\/numero30.com\/index.php\/cookies\/\">Politique relative aux Cookies<\/a>.<\/p>\n<p>&#8212;<\/p>\n<p><b>S\u00e9curit\u00e9<\/b>:&nbsp;<br>La s\u00e9curit\u00e9 de vos informations est importante pour nous. Nous mettons en \u0153uvre des mesures de s\u00e9curit\u00e9 raisonnables pour pr\u00e9venir la perte, l\u2019utilisation abusive ou la modification non autoris\u00e9e des informations sous notre contr\u00f4le. Cependant, en raison des risques inh\u00e9rents, nous ne pouvons garantir une s\u00e9curit\u00e9 absolue et, par cons\u00e9quent, nous ne pouvons assurer ou garantir la s\u00e9curit\u00e9 des informations que vous nous transmettez. Vous le faites \u00e0 vos propres risques.<\/p>\n<p>&#8212;<\/p>\n<p><b>Responsable de la Protection des Donn\u00e9es \/ R\u00e9clamation:<\/b><br>Si vous avez des questions ou des pr\u00e9occupations concernant le traitement de vos informations, vous pouvez contacter notre Responsable des R\u00e9clamations \u00e0 l\u2019adresse mail suivante: contact.numero30[@]gmail.com. Nous traiterons vos pr\u00e9occupations conform\u00e9ment \u00e0 la l\u00e9gislation applicable.<\/p>\t\t\t\t\t\t\t\t<\/div>\n\t\t\t\t\t<\/div>\n\t\t\t\t<\/div>\n\t\t\t\t<\/div>\n\t\t","protected":false},"excerpt":{"rendered":"<p>Politique de Confidentialit\u00e9Derni\u00e8re mise \u00e0 jour : 07-nov.-2025Date d\u2019effet : 07-nov.-2025 Cette Politique de Confidentialit\u00e9 d\u00e9crit les pratiques de Num\u00e9ro 30 Studio, situ\u00e9 \u00e0 N\u00eemes, 30000 Gard, France (e-mail : contact.numero30[@]gmail.com) concernant la collecte, l\u2019utilisation et la divulgation de vos informations lorsque vous utilisez notre site web (https:\/\/numero30.com) (le \u00ab Service \u00bb). En acc\u00e9dant ou [&hellip;]<\/p>\n","protected":false},"author":1,"featured_media":0,"parent":0,"menu_order":0,"comment_status":"closed","ping_status":"closed","template":"","meta":{"footnotes":""},"class_list":["post-3","page","type-page","status-publish","hentry"],"blocksy_meta":[],"jetpack_sharing_enabled":true,"_links":{"self":[{"href":"https:\/\/numero30.com\/index.php\/wp-json\/wp\/v2\/pages\/3","targetHints":{"allow":["GET"]}}],"collection":[{"href":"https:\/\/numero30.com\/index.php\/wp-json\/wp\/v2\/pages"}],"about":[{"href":"https:\/\/numero30.com\/index.php\/wp-json\/wp\/v2\/types\/page"}],"author":[{"embeddable":true,"href":"https:\/\/numero30.com\/index.php\/wp-json\/wp\/v2\/users\/1"}],"replies":[{"embeddable":true,"href":"https:\/\/numero30.com\/index.php\/wp-json\/wp\/v2\/comments?post=3"}],"version-history":[{"count":16,"href":"https:\/\/numero30.com\/index.php\/wp-json\/wp\/v2\/pages\/3\/revisions"}],"predecessor-version":[{"id":746,"href":"https:\/\/numero30.com\/index.php\/wp-json\/wp\/v2\/pages\/3\/revisions\/746"}],"wp:attachment":[{"href":"https:\/\/numero30.com\/index.php\/wp-json\/wp\/v2\/media?parent=3"}],"curies":[{"name":"wp","href":"https:\/\/api.w.org\/{rel}","templated":true}]}}